{"id":1358,"date":"2022-01-10T15:47:43","date_gmt":"2022-01-10T15:47:43","guid":{"rendered":"http:\/\/www.goporto.pt\/eobra\/?page_id=1358"},"modified":"2022-01-14T16:09:07","modified_gmt":"2022-01-14T16:09:07","slug":"mensagem-do-presidente","status":"publish","type":"page","link":"https:\/\/www.goporto.pt\/eobra\/mensagem-do-presidente\/","title":{"rendered":"Mensagem do Presidente"},"content":{"rendered":"<p>Assinalar um marco importante na vida de uma empresa \u00e9, antes de mais, um momento de celebra\u00e7\u00e3o. Para que seja verdadeiramente proveitoso, deve configurar uma oportunidade \u00e0 reflex\u00e3o e ao consensual exerc\u00edcio de balan\u00e7o que pode e deve ser aproveitado para impulsionar, com ousadia, novos \u00eaxitos futuros.<\/p>\n<p>&nbsp;<\/p>\n<p>O portef\u00f3lio que aqui se apresenta \u00e9, por isso, e antes de mais, um acto de mem\u00f3ria porque, indubitavelmente, existe um antes e depois na vida da Cidade com a empresa municipal GO Porto.<br \/>\nPermitam-me, pois, que comece precisamente por evidenciar a mudan\u00e7a produzida em \u00e1reas t\u00e3o distintas como o Ambiente, a Cultura, o Desporto, a Educa\u00e7\u00e3o, a Mobilidade e o Urbanismo, que proporcionaram melhorias significativas e mensur\u00e1veis na qualidade de vida dos mun\u00edcipes, al\u00e9m de atenderem ao desenvolvimento social, empresarial e cultural do Porto.<\/p>\n<p>&nbsp;<\/p>\n<p>No Ambiente, s\u00e3o in\u00fameras as obras \u00e0 vista de todos. Uma delas foi a grande reabilita\u00e7\u00e3o dos Jardins do Pal\u00e1cio de Cristal. Ser\u00e1 porventura generalizada a ideia de que aquele espa\u00e7o verde, hoje t\u00e3o bem tratado, sempre foi assim. Convido, pois, a recuar at\u00e9 2014, ano em que inici\u00e1mos esta revolu\u00e7\u00e3o silenciosa. A requalifica\u00e7\u00e3o do centen\u00e1rio Jardim \u00c9mile David, \u201ccart\u00e3o de visita\u201d dos Jardins do Pal\u00e1cio de Cristal, valorizou a reposi\u00e7\u00e3o do tra\u00e7ado paisag\u00edstico desenhado h\u00e1 mais de 150 anos, que havia sido perdido ao longo de sucessivos retoques, e resolveu uma s\u00e9rie de entropias ao n\u00edvel da drenagem das \u00e1guas pluviais. A Alameda das T\u00edlias, outrora maltratada e sem mantos verdes, est\u00e1 mais apraz\u00edvel. Os muros e a escarpa voltada para a Rua da Restaura\u00e7\u00e3o est\u00e3o hoje consolidados e mais seguros. A mem\u00f3ria tem destas coisas, \u00e9 trai\u00e7oeira. Hoje temos nestes belos jardins, floridos em todas as esta\u00e7\u00f5es (porque preservados regularmente por uma equipa de zelosos jardineiros, com o aux\u00edlio de modernos e sustent\u00e1veis sistemas de regadio), um dos mais carism\u00e1ticos postais da Cidade do Porto.<\/p>\n<p>&nbsp;<\/p>\n<p>O trabalho de reabilita\u00e7\u00e3o de grandes jardins continua. Dentro em breve, ser\u00e1 lan\u00e7ado o concurso para a empreitada de requalifica\u00e7\u00e3o do hist\u00f3rico Jardim Te\u00f3filo de Braga, que tamb\u00e9m abranger\u00e1 toda a envolvente da Pra\u00e7a da Rep\u00fablica. Com esta interven\u00e7\u00e3o, a C\u00e2mara do Porto recupera a posi\u00e7\u00e3o de refer\u00eancia que a Pra\u00e7a da Rep\u00fablica assume na Cidade, quer pelo seu significado hist\u00f3rico, quer pelo seu jardim p\u00fablico, que ter\u00e1 condi\u00e7\u00f5es para ser melhor aproveitado.<\/p>\n<p>&nbsp;<\/p>\n<p>Outro carimbo da extraordin\u00e1ria obra da GO Porto ficou marcado na constru\u00e7\u00e3o do novo Centro de Recolha Oficial de Animais (CROA), cuja obra ficou conclu\u00edda em janeiro de 2020, para finalmente substituir o velhinho canil com mais de 80 anos. Em Areias, Campanh\u00e3, ao lado do Viveiro Municipal, temos um equipamento com dignidade e, mais do que isso, com condi\u00e7\u00f5es de excel\u00eancia para garantir o bem-estar animal, apresentando-se ainda como um local de trabalho apraz\u00edvel.<\/p>\n<p>&nbsp;<\/p>\n<p>Quando fui eleito presidente da C\u00e2mara Municipal do Porto pela primeira vez, em 2013, um dos principais compromissos que assumi foi o de resgatar a Cidade do cinzentismo a que estava votada na \u00e1rea cultural. Nesta mat\u00e9ria, muito j\u00e1 se fez. No plano pol\u00edtico, normalizaram-se as rela\u00e7\u00f5es institucionais entre o Munic\u00edpio e as institui\u00e7\u00f5es e companhias culturais, devolveu-se o Teatro Municipal do Porto \u00e0 Cidade, e implementaram-se um conjunto de programas e projectos capazes de envolver toda a popula\u00e7\u00e3o.<\/p>\n<p>&nbsp;<\/p>\n<p>Ao n\u00edvel dos equipamentos culturais, destaco tr\u00eas exemplos. O antigo Museu do Vinho do Porto, hoje Museu da Cidade \u2013 Extens\u00e3o do Douro. A obra, recentemente inaugurada, permitiu dotar o edif\u00edcio municipal, localizado no Muro dos Bacalhoeiros, em plena Ribeira, de uma maior funcionalidade e diversidade de usos, de acordo com o programa cultural que vai ser desenvolvido.<\/p>\n<p>Se recuarmos mais atr\u00e1s no tempo, observamos igualmente o contributo da GO Porto na cria\u00e7\u00e3o e na expans\u00e3o do Programa de Arte P\u00fablica, orquestrado pelo nosso querido e saudoso ex-vereador da Cultura, Paulo Cunha e Silva.<\/p>\n<p>&nbsp;<\/p>\n<p>Temos outro fabuloso exemplo, este mais actual: a requalifica\u00e7\u00e3o do Cinema Batalha, que renascer\u00e1 como Batalha Centro de Cinema. Em boa parte, trata-se de uma obra de restauro, que preserva e tenta restabelecer as caracter\u00edsticas do edif\u00edcio original, mas cujo projecto de arquitectura (da autoria do Atelier 15, dos arquitectos Alexandre Alves Costa e S\u00e9rgio Fernandez), d\u00e1 simultaneamente resposta aos desafios tecnol\u00f3gicos e usos culturais previstos do equipamento.<\/p>\n<p>&nbsp;<\/p>\n<p>Encravada nas peias e teias do Tribunal de Contas, a obra tardou a iniciar. \u00c9 de elementar justi\u00e7a, por isso, saudar a fant\u00e1stica equipa da GO Porto pela tenacidade, resili\u00eancia e esp\u00edrito de sacrif\u00edcio que t\u00eam constantemente demonstrado neste e noutros dossi\u00eas.<\/p>\n<p>&nbsp;<\/p>\n<p>Felizmente, repito, todas estas vicissitudes t\u00eam sido ultrapassadas. Qual salto de barreira em barreira, estamos na fase em que \u00e9 poss\u00edvel confirmar, a breve trecho, o in\u00edcio da constru\u00e7\u00e3o do Complexo Municipal do Outeiro, equipamento que vai transformar este antigo campo numa infraestrutura preparada para a pr\u00e1tica de diversas modalidades desportivas, que acolher\u00e1 todos os clubes e coletividades que ali manifestem interesse em treinar, tal como o hist\u00f3rico clube que ali nasceu.<\/p>\n<p>&nbsp;<\/p>\n<p>E ap\u00f3s muito tempo \u00e0 espera do terreno de Justino Teixeira (em Campanh\u00e3), j\u00e1 estamos a preparar o lan\u00e7amento do concurso p\u00fablico para a constru\u00e7\u00e3o do novo Campo Desportivo Municipal.<br \/>\nNo dom\u00ednio desportivo, a obra feita com assinatura da GO Porto \u00e9, por si s\u00f3, a garantia de um selo de qualidade. Vimo-lo ainda no Parque Desportivo de Ramalde, que resultou da requalifica\u00e7\u00e3o do antigo campo do INATEL. Desde abril de 2017, o equipamento desportivo disponibiliza uma pista de atletismo com seis corredores e medidas oficiais, al\u00e9m de um campo de relva homologado para a pr\u00e1tica de futebol de 11 e de rugby. A partir de novembro de 2019, passou tamb\u00e9m a oferecer um skate park &#8211; o Skate Park de Ramalde -, onde crian\u00e7as, jovens e adultos t\u00eam pela primeira vez um espa\u00e7o onde podem aventurar-se na modalidade ou aperfei\u00e7oar a t\u00e9cnica entre rampas, escadas, corrim\u00f5es e outro tipo de estruturas, com toda a seguran\u00e7a.<\/p>\n<p>&nbsp;<\/p>\n<p>O servi\u00e7o p\u00fablico estende-se ainda a empreitadas em estabelecimentos de ensino. Al\u00e9m das pequenas interven\u00e7\u00f5es, cumpre-me destacar dois projectos da GO Porto. A requalifica\u00e7\u00e3o da Escola B\u00e1sica do Bom Sucesso, processo que envolveu toda a comunidade; e o da Escola Secund\u00e1ria Alexandre Herculano, que n\u00e3o estando sob gest\u00e3o municipal, representa um bom exemplo das obras que, embora sejam em primeira e \u00faltima inst\u00e2ncia da compet\u00eancia do Estado Central, t\u00eam vindo a ser assumidas, no todo ou na parte, pela C\u00e2mara Municipal do Porto.<\/p>\n<p>&nbsp;<\/p>\n<p>Recuperando uma promessa de 2003, avan\u00e7\u00e1mos com a constru\u00e7\u00e3o do Terminal Intermodal de Campanh\u00e3. Est\u00e1 a poucos meses de se concluir uma obra imprescind\u00edvel para a mudan\u00e7a de paradigma da mobilidade na Cidade e na \u00c1rea Metropolitana do Porto. Seria, no entanto, redutor reter-me nesta observa\u00e7\u00e3o. De igual modo, este hub intermodal apresenta-se como uma extraordin\u00e1ria obra arquitect\u00f3nica e de engenharia, alinhada com o princ\u00edpio da sustentabilidade ambiental, considerando que vai disponibilizar uma \u00e1rea verde de 4,6 hectares.<\/p>\n<p>&nbsp;<\/p>\n<p>Incontorn\u00e1vel tamb\u00e9m \u00e9 a refer\u00eancia \u00e0 obra de restauro e moderniza\u00e7\u00e3o do Mercado do Bolh\u00e3o, que se aproxima da sua recta final. Talvez seja este o projecto que melhor ilustra a multidisciplinaridade dos quadros e t\u00e9cnicos que comp\u00f5em a GO Porto, que tiveram, t\u00eam e ter\u00e3o um papel fundamental no novo cap\u00edtulo da vida do Bolh\u00e3o.<\/p>\n<p>&nbsp;<\/p>\n<p>Foi a empresa municipal de Gest\u00e3o e Obras P\u00fablicas do Porto que, directamente, ouviu cada um dos seus comerciantes, com eles dialogou propondo a mudan\u00e7a para o Mercado Tempor\u00e1rio do Bolh\u00e3o (solu\u00e7\u00e3o encontrada a 200 passos do hist\u00f3rico equipamento), e que tamb\u00e9m preservou os seus direitos hist\u00f3ricos, atrav\u00e9s de um conjunto de compensa\u00e7\u00f5es que s\u00f3 cessar\u00e3o aquando do regresso \u00e0 casa-m\u00e3e, e que mereceram a aprova\u00e7\u00e3o de todas as for\u00e7as pol\u00edticas, da esquerda \u00e0 direita. \u00c9, actualmente, tamb\u00e9m a GO Porto que conduz os concursos p\u00fablicos para os novos comerciantes do Bolh\u00e3o, relacionados com os 60 espa\u00e7os que ficaram livres, e ser\u00e1 a GO Porto a gerir o equipamento quando este reabrir.<\/p>\n<p>&nbsp;<\/p>\n<p>No final, a promessa feita aos portuenses h\u00e1 d\u00e9cadas ser\u00e1 cumprida. Nenhuma outra obra reuniu o consenso generalizado como o Bolh\u00e3o. E s\u00e3o v\u00e1rios os motivos para que isso aconte\u00e7a: primeiro, nenhum outro projecto anteriormente apresentado preservava o Bolh\u00e3o como o mercado de frescos que sempre foi; depois, o actual projeto, da C\u00e2mara Municipal do Porto\/Nuno Valentim, recupera detalhes do centen\u00e1rio mercado, que se julgavam perdidos para sempre; e, por fim, esta empreitada introduz duas novidades decisivas na adapta\u00e7\u00e3o do Bolh\u00e3o \u00e0 modernidade, nomeadamente a cria\u00e7\u00e3o de um t\u00fanel de acesso e de uma cave log\u00edstica, espa\u00e7o por onde todos os produtos v\u00e3o entrar e sair do mercado, seguindo os mais altos padr\u00f5es de higiene e seguran\u00e7a.<\/p>\n<p>&nbsp;<\/p>\n<p>Porque o futuro se constr\u00f3i no presente, tem sido crucial o envolvimento da GO Porto na reconvers\u00e3o do Antigo Matadouro Industrial de Campanh\u00e3, obra fundamental para o desenvolvimento da zona oriental do Porto e que, aliada a outros projectos, como o Terminal Intermodal de Campanh\u00e3 ou a constru\u00e7\u00e3o da nova ponte sobre o Douro, ter\u00e1 a capacidade de transpor barreiras f\u00edsicas e cerzir a Cidade.<br \/>\nTamb\u00e9m do ponto de vista imaterial, tendo em conta que o projecto alia a dimens\u00e3o econ\u00f3mica, social, cultural e art\u00edstica, o Matadouro configura um extraordin\u00e1rio exemplo da forma como o interesse p\u00fablico pode prosseguir os seus intentos envolvendo privados.<\/p>\n<p>&nbsp;<\/p>\n<p>A empresa que venceu o concurso p\u00fablico internacional e a quem a C\u00e2mara Municipal do Porto concessiona o equipamento por 30 anos, ir\u00e1 investir nesta obra qualquer coisa como 40 milh\u00f5es de euros. Ser\u00e1 a nossa Expo, com a diferen\u00e7a de que o dinheiro ali investido n\u00e3o custou nenhum dinheiro aos portugueses, nem t\u00e3o pouco aos portuenses.<\/p>\n<p>&nbsp;<\/p>\n<p>Por tanto e por muito mais que pode ser descoberto nas p\u00e1ginas deste portef\u00f3lio, \u201c\u00c9 Obra!\u201d.<\/p>\n<p>&nbsp;<\/p>\n<p>\u201c\u00c9 Obra!\u201d a capacidade t\u00e9cnica e o profissionalismo de todas as trabalhadoras e trabalhadores da GO Porto, e permitir-me-\u00e3o que direccione os meus agradecimentos ao Conselho de Administra\u00e7\u00e3o que nos tem representado nos \u00faltimos anos.<\/p>\n<p>&nbsp;<\/p>\n<p>Estou certo de que o trabalho de excel\u00eancia e o compromisso com a Cidade continuar\u00e1 bem entregue em todo e em cada um dos que diariamente constroem a hist\u00f3ria da GO Porto.<\/p>\n<p>&nbsp;<\/p>\n<p>Rui Moreira<br \/>\nPresidente da C\u00e2mara Municipal do Porto<\/p>\n","protected":false},"excerpt":{"rendered":"<p>Assinalar um marco importante na vida de uma empresa \u00e9, antes de mais, um momento de celebra\u00e7\u00e3o. Para que seja verdadeiramente proveitoso, deve configurar uma oportunidade \u00e0 reflex\u00e3o e ao consensual exerc\u00edcio de balan\u00e7o que pode e deve ser aproveitado para impulsionar, com ousadia, novos \u00eaxitos futuros. &nbsp; O portef\u00f3lio que aqui se apresenta \u00e9, [&hellip;]<\/p>\n","protected":false},"author":1,"featured_media":0,"parent":0,"menu_order":0,"comment_status":"closed","ping_status":"closed","template":"template-president_message.php","meta":{"footnotes":""},"class_list":["post-1358","page","type-page","status-publish","hentry"],"yoast_head":"<!-- This site is optimized with the Yoast SEO plugin v18.0 - https:\/\/yoast.com\/wordpress\/plugins\/seo\/ -->\n<title>Mensagem do Presidente - GO Porto<\/title>\n<meta name=\"robots\" content=\"noindex, follow, max-snippet:-1, max-image-preview:large, max-video-preview:-1\" \/>\n<meta property=\"og:locale\" content=\"en_US\" \/>\n<meta property=\"og:type\" content=\"article\" \/>\n<meta property=\"og:title\" content=\"Mensagem do Presidente - GO Porto\" \/>\n<meta property=\"og:description\" content=\"Assinalar um marco importante na vida de uma empresa \u00e9, antes de mais, um momento de celebra\u00e7\u00e3o. Para que seja verdadeiramente proveitoso, deve configurar uma oportunidade \u00e0 reflex\u00e3o e ao consensual exerc\u00edcio de balan\u00e7o que pode e deve ser aproveitado para impulsionar, com ousadia, novos \u00eaxitos futuros. &nbsp; O portef\u00f3lio que aqui se apresenta \u00e9, [&hellip;]\" \/>\n<meta property=\"og:url\" content=\"https:\/\/www.goporto.pt\/eobra\/mensagem-do-presidente\/\" \/>\n<meta property=\"og:site_name\" content=\"GO Porto\" \/>\n<meta property=\"article:publisher\" content=\"https:\/\/www.facebook.com\/CamaraMunicipaldoPorto\" \/>\n<meta property=\"article:modified_time\" content=\"2022-01-14T16:09:07+00:00\" \/>\n<meta name=\"twitter:card\" content=\"summary_large_image\" \/>\n<meta name=\"twitter:label1\" content=\"Est. reading time\" \/>\n\t<meta name=\"twitter:data1\" content=\"9 minutes\" \/>\n<script type=\"application\/ld+json\" class=\"yoast-schema-graph\">{\"@context\":\"https:\/\/schema.org\",\"@graph\":[{\"@type\":\"Organization\",\"@id\":\"https:\/\/www.goporto.pt\/eobra\/#organization\",\"name\":\"GoPorto \u00e9 Obra\",\"url\":\"https:\/\/www.goporto.pt\/eobra\/\",\"sameAs\":[\"https:\/\/www.facebook.com\/CamaraMunicipaldoPorto\",\"https:\/\/www.instagram.com\/cmporto\/?hl=pt\",\"https:\/\/www.youtube.com\/user\/CamaraDoPorto\"],\"logo\":{\"@type\":\"ImageObject\",\"@id\":\"https:\/\/www.goporto.pt\/eobra\/#logo\",\"inLanguage\":\"en-US\",\"url\":\"https:\/\/www.goporto.pt\/eobra\/wp-content\/uploads\/2021\/10\/logo-footer.png\",\"contentUrl\":\"https:\/\/www.goporto.pt\/eobra\/wp-content\/uploads\/2021\/10\/logo-footer.png\",\"width\":249,\"height\":129,\"caption\":\"GoPorto \u00e9 Obra\"},\"image\":{\"@id\":\"https:\/\/www.goporto.pt\/eobra\/#logo\"}},{\"@type\":\"WebSite\",\"@id\":\"https:\/\/www.goporto.pt\/eobra\/#website\",\"url\":\"https:\/\/www.goporto.pt\/eobra\/\",\"name\":\"GO Porto\",\"description\":\"\",\"publisher\":{\"@id\":\"https:\/\/www.goporto.pt\/eobra\/#organization\"},\"potentialAction\":[{\"@type\":\"SearchAction\",\"target\":{\"@type\":\"EntryPoint\",\"urlTemplate\":\"https:\/\/www.goporto.pt\/eobra\/?s={search_term_string}\"},\"query-input\":\"required name=search_term_string\"}],\"inLanguage\":\"en-US\"},{\"@type\":\"WebPage\",\"@id\":\"https:\/\/www.goporto.pt\/eobra\/mensagem-do-presidente\/#webpage\",\"url\":\"https:\/\/www.goporto.pt\/eobra\/mensagem-do-presidente\/\",\"name\":\"Mensagem do Presidente - GO Porto\",\"isPartOf\":{\"@id\":\"https:\/\/www.goporto.pt\/eobra\/#website\"},\"datePublished\":\"2022-01-10T15:47:43+00:00\",\"dateModified\":\"2022-01-14T16:09:07+00:00\",\"breadcrumb\":{\"@id\":\"https:\/\/www.goporto.pt\/eobra\/mensagem-do-presidente\/#breadcrumb\"},\"inLanguage\":\"en-US\",\"potentialAction\":[{\"@type\":\"ReadAction\",\"target\":[\"https:\/\/www.goporto.pt\/eobra\/mensagem-do-presidente\/\"]}]},{\"@type\":\"BreadcrumbList\",\"@id\":\"https:\/\/www.goporto.pt\/eobra\/mensagem-do-presidente\/#breadcrumb\",\"itemListElement\":[{\"@type\":\"ListItem\",\"position\":1,\"name\":\"Home\",\"item\":\"https:\/\/www.goporto.pt\/eobra\/\"},{\"@type\":\"ListItem\",\"position\":2,\"name\":\"Mensagem do Presidente\"}]}]}<\/script>\n<!-- \/ Yoast SEO plugin. -->","yoast_head_json":{"title":"Mensagem do Presidente - GO Porto","robots":{"index":"noindex","follow":"follow","max-snippet":"max-snippet:-1","max-image-preview":"max-image-preview:large","max-video-preview":"max-video-preview:-1"},"og_locale":"en_US","og_type":"article","og_title":"Mensagem do Presidente - GO Porto","og_description":"Assinalar um marco importante na vida de uma empresa \u00e9, antes de mais, um momento de celebra\u00e7\u00e3o. Para que seja verdadeiramente proveitoso, deve configurar uma oportunidade \u00e0 reflex\u00e3o e ao consensual exerc\u00edcio de balan\u00e7o que pode e deve ser aproveitado para impulsionar, com ousadia, novos \u00eaxitos futuros. &nbsp; O portef\u00f3lio que aqui se apresenta \u00e9, [&hellip;]","og_url":"https:\/\/www.goporto.pt\/eobra\/mensagem-do-presidente\/","og_site_name":"GO Porto","article_publisher":"https:\/\/www.facebook.com\/CamaraMunicipaldoPorto","article_modified_time":"2022-01-14T16:09:07+00:00","twitter_card":"summary_large_image","twitter_misc":{"Est. reading time":"9 minutes"},"schema":{"@context":"https:\/\/schema.org","@graph":[{"@type":"Organization","@id":"https:\/\/www.goporto.pt\/eobra\/#organization","name":"GoPorto \u00e9 Obra","url":"https:\/\/www.goporto.pt\/eobra\/","sameAs":["https:\/\/www.facebook.com\/CamaraMunicipaldoPorto","https:\/\/www.instagram.com\/cmporto\/?hl=pt","https:\/\/www.youtube.com\/user\/CamaraDoPorto"],"logo":{"@type":"ImageObject","@id":"https:\/\/www.goporto.pt\/eobra\/#logo","inLanguage":"en-US","url":"https:\/\/www.goporto.pt\/eobra\/wp-content\/uploads\/2021\/10\/logo-footer.png","contentUrl":"https:\/\/www.goporto.pt\/eobra\/wp-content\/uploads\/2021\/10\/logo-footer.png","width":249,"height":129,"caption":"GoPorto \u00e9 Obra"},"image":{"@id":"https:\/\/www.goporto.pt\/eobra\/#logo"}},{"@type":"WebSite","@id":"https:\/\/www.goporto.pt\/eobra\/#website","url":"https:\/\/www.goporto.pt\/eobra\/","name":"GO Porto","description":"","publisher":{"@id":"https:\/\/www.goporto.pt\/eobra\/#organization"},"potentialAction":[{"@type":"SearchAction","target":{"@type":"EntryPoint","urlTemplate":"https:\/\/www.goporto.pt\/eobra\/?s={search_term_string}"},"query-input":"required name=search_term_string"}],"inLanguage":"en-US"},{"@type":"WebPage","@id":"https:\/\/www.goporto.pt\/eobra\/mensagem-do-presidente\/#webpage","url":"https:\/\/www.goporto.pt\/eobra\/mensagem-do-presidente\/","name":"Mensagem do Presidente - GO Porto","isPartOf":{"@id":"https:\/\/www.goporto.pt\/eobra\/#website"},"datePublished":"2022-01-10T15:47:43+00:00","dateModified":"2022-01-14T16:09:07+00:00","breadcrumb":{"@id":"https:\/\/www.goporto.pt\/eobra\/mensagem-do-presidente\/#breadcrumb"},"inLanguage":"en-US","potentialAction":[{"@type":"ReadAction","target":["https:\/\/www.goporto.pt\/eobra\/mensagem-do-presidente\/"]}]},{"@type":"BreadcrumbList","@id":"https:\/\/www.goporto.pt\/eobra\/mensagem-do-presidente\/#breadcrumb","itemListElement":[{"@type":"ListItem","position":1,"name":"Home","item":"https:\/\/www.goporto.pt\/eobra\/"},{"@type":"ListItem","position":2,"name":"Mensagem do Presidente"}]}]}},"_links":{"self":[{"href":"https:\/\/www.goporto.pt\/eobra\/wp-json\/wp\/v2\/pages\/1358","targetHints":{"allow":["GET"]}}],"collection":[{"href":"https:\/\/www.goporto.pt\/eobra\/wp-json\/wp\/v2\/pages"}],"about":[{"href":"https:\/\/www.goporto.pt\/eobra\/wp-json\/wp\/v2\/types\/page"}],"author":[{"embeddable":true,"href":"https:\/\/www.goporto.pt\/eobra\/wp-json\/wp\/v2\/users\/1"}],"replies":[{"embeddable":true,"href":"https:\/\/www.goporto.pt\/eobra\/wp-json\/wp\/v2\/comments?post=1358"}],"version-history":[{"count":6,"href":"https:\/\/www.goporto.pt\/eobra\/wp-json\/wp\/v2\/pages\/1358\/revisions"}],"predecessor-version":[{"id":1536,"href":"https:\/\/www.goporto.pt\/eobra\/wp-json\/wp\/v2\/pages\/1358\/revisions\/1536"}],"wp:attachment":[{"href":"https:\/\/www.goporto.pt\/eobra\/wp-json\/wp\/v2\/media?parent=1358"}],"curies":[{"name":"wp","href":"https:\/\/api.w.org\/{rel}","templated":true}]}}